{"id":19,"date":"2023-04-03T15:33:27","date_gmt":"2023-04-03T15:33:27","guid":{"rendered":"https:\/\/sigyn.mx\/?page_id=19"},"modified":"2023-04-03T15:54:26","modified_gmt":"2023-04-03T15:54:26","slug":"hugo-wp","status":"publish","type":"page","link":"https:\/\/sigyn.mx\/","title":{"rendered":"Front Page"},"content":{"rendered":"<div data-colibri-id=\"19-c1\" class=\"style-194 style-local-19-c1 position-relative\">\n  <!---->\n  <div data-colibri-component=\"section\" data-colibri-id=\"19-c2\" id=\"overlappable\" class=\"h-section h-section-global-spacing d-flex align-items-lg-center align-items-md-center align-items-center style-195 style-local-19-c2 position-relative\">\n    <!---->\n    <!---->\n    <div class=\"h-section-grid-container h-section-boxed-container\">\n      <!---->\n      <div data-colibri-id=\"19-c3\" class=\"h-row-container gutters-row-lg-0 gutters-row-md-0 gutters-row-2 gutters-row-v-lg-0 gutters-row-v-md-0 gutters-row-v-2 style-196 style-local-19-c3 position-relative\">\n        <!---->\n        <div class=\"h-row justify-content-lg-center justify-content-md-center justify-content-center align-items-lg-stretch align-items-md-stretch align-items-stretch gutters-col-lg-0 gutters-col-md-0 gutters-col-2 gutters-col-v-lg-0 gutters-col-v-md-0 gutters-col-v-2\">\n          <!---->\n          <div class=\"h-column h-column-container d-flex h-col-lg-3 h-col-md-3 h-col-12 style-197-outer style-local-19-c4-outer\">\n            <div data-colibri-id=\"19-c4\" class=\"d-flex h-flex-basis h-column__inner h-px-lg-3 h-px-md-3 h-px-2 v-inner-lg-3 v-inner-md-3 v-inner-2 style-197 style-local-19-c4 position-relative\">\n              <!---->\n              <!---->\n              <div class=\"w-100 h-y-container h-column__content h-column__v-align flex-basis-100 align-self-lg-center align-self-md-center align-self-center\">\n                <!---->\n                <div data-colibri-id=\"19-c5\" class=\"h-icon style-198 style-local-19-c5 position-relative h-element\">\n                  <!----><span class=\"h-svg-icon h-icon__icon style-198-icon style-local-19-c5-icon\"><!--Icon by Font Awesome (https:\/\/fontawesome.com)-->\n    <svg version=\"1.1\" xmlns=\"http:\/\/www.w3.org\/2000\/svg\" xmlns:xlink=\"http:\/\/www.w3.org\/1999\/xlink\" id=\"desktop\" viewBox=\"0 0 1920 1896.0833\">\n      <path d=\"M1792 992V160q0-13-9.5-22.5T1760 128H160q-13 0-22.5 9.5T128 160v832q0 13 9.5 22.5t22.5 9.5h1600q13 0 22.5-9.5t9.5-22.5zm128-832v1088q0 66-47 113t-113 47h-544q0 37 16 77.5t32 71 16 43.5q0 26-19 45t-45 19H704q-26 0-45-19t-19-45q0-14 16-44t32-70 16-78H160q-66 0-113-47T0 1248V160Q0 94 47 47T160 0h1600q66 0 113 47t47 113z\"><\/path>\n    <\/svg><\/span><\/div>\n                <div data-colibri-id=\"19-c6\" class=\"h-global-transition-all h-heading style-199 style-local-19-c6 position-relative h-element\">\n                  <!---->\n                  <div class=\"h-heading__outer style-199 style-local-19-c6\">\n                    <!---->\n                    <!---->\n                    <h5 class=\"\">Venta de equipo tecnol\u00f3gico<\/h5>\n                  <\/div>\n                <\/div>\n                <div data-colibri-id=\"19-c7\" class=\"h-text h-text-component style-200 style-local-19-c7 position-relative h-element\">\n                  <!---->\n                  <!---->\n                  <div class=\"\">\n                    <p><span style=\"font-weight: 400; font-size: 16px; font-family: S\u00f6hne, ui-sans-serif, system-ui, -apple-system, &quot;Segoe UI&quot;, Roboto, Ubuntu, Cantarell, &quot;Noto Sans&quot;, sans-serif, &quot;Helvetica Neue&quot;, Arial, &quot;Apple Color Emoji&quot;, &quot;Segoe UI Emoji&quot;, &quot;Segoe UI Symbol&quot;, &quot;Noto Color Emoji&quot;; color: rgb(209, 213, 219);\">Ofrecemos una amplia variedad de equipos de c\u00f3mputo y electr\u00f3nicos de alta calidad para satisfacer las necesidades de nuestros clientes. Desde computadoras port\u00e1tiles y tabletas hasta c\u00e1maras y dispositivos de audio, tenemos todo lo que necesitas para estar conectado y entretenido.<\/span><\/p>\n                  <\/div>\n                <\/div>\n              <\/div>\n            <\/div>\n          <\/div>\n          <div class=\"h-column h-column-container d-flex h-col-lg-3 h-col-md-3 h-col-12 style-197-outer style-local-19-c8-outer\">\n            <div data-colibri-id=\"19-c8\" class=\"d-flex h-flex-basis h-column__inner h-px-lg-3 h-px-md-3 h-px-2 v-inner-lg-3 v-inner-md-3 v-inner-2 style-197 style-local-19-c8 position-relative\">\n              <!---->\n              <!---->\n              <div class=\"w-100 h-y-container h-column__content h-column__v-align flex-basis-100 align-self-lg-center align-self-md-center align-self-center\">\n                <!---->\n                <div data-colibri-id=\"19-c9\" class=\"h-icon style-198 style-local-19-c9 position-relative h-element\">\n                  <!----><span class=\"h-svg-icon h-icon__icon style-198-icon style-local-19-c9-icon\"><!--Icon by Icons8 Line Awesome (https:\/\/icons8.com\/line-awesome)--><svg version=\"1.1\" xmlns=\"http:\/\/www.w3.org\/2000\/svg\" xmlns:xlink=\"http:\/\/www.w3.org\/1999\/xlink\" id=\"cubes\" viewBox=\"0 0 512 545.5\"><path d=\"M256 96l6 2.5 96 38.5 10 4v107.5l86.5 37.5 9.5 4.5v129l-8 5-96 53.5-7.5 4-7.5-3.5-89-44.5-89 44.5-7.5 3.5-7.5-4-96-53.5-8-5v-129l9.5-4.5 86.5-37.5V141l10-4 96-38.5zm0 35l-52.5 20.5L256 172l52.5-20.5zm-80 44v74l64 28.5v-78zm160 0l-64 24.5v78l64-28.5v-74zM160 277l-58 25 58 29 58-28.5zm192 0l-40 17.5-18 8 58 28.5 58-29zM80 326.5V401l64 36v-78.5zm352 0l-64 32V437l64-36v-74.5zm-192 1l-64 31V438l64-32v-78.5zm32 0V406l64 32v-79.5z\"><\/path><\/svg><\/span><\/div>\n                <div\n                  data-colibri-id=\"19-c10\" class=\"h-global-transition-all h-heading style-199 style-local-19-c10 position-relative h-element\">\n                  <!---->\n                  <div class=\"h-heading__outer style-199 style-local-19-c10\">\n                    <!---->\n                    <!---->\n                    <h5 class=\"\">Suministros de papeler\u00eda y art\u00edculos de oficina<\/h5>\n                  <\/div>\n              <\/div>\n              <div data-colibri-id=\"19-c11\" class=\"h-text h-text-component style-200 style-local-19-c11 position-relative h-element\">\n                <!---->\n                <!---->\n                <div class=\"\">\n                  <p><span style=\"font-weight: 400; font-size: 16px; font-family: S\u00f6hne, ui-sans-serif, system-ui, -apple-system, &quot;Segoe UI&quot;, Roboto, Ubuntu, Cantarell, &quot;Noto Sans&quot;, sans-serif, &quot;Helvetica Neue&quot;, Arial, &quot;Apple Color Emoji&quot;, &quot;Segoe UI Emoji&quot;, &quot;Segoe UI Symbol&quot;, &quot;Noto Color Emoji&quot;; color: rgb(209, 213, 219);\">Ofrecemos una amplia selecci\u00f3n de papeler\u00eda y suministros de oficina para mantener tu negocio funcionando sin problemas. Desde bol\u00edgrafos y l\u00e1pices hasta carpetas y archivadores, tenemos todo lo que necesitas para organizar tu espacio de trabajo.<\/span><\/p>\n                <\/div>\n              <\/div>\n            <\/div>\n          <\/div>\n        <\/div>\n        <div class=\"h-column h-column-container d-flex h-col-lg-3 h-col-md-3 h-col-12 style-201-outer style-local-19-c12-outer\">\n          <div data-colibri-id=\"19-c12\" class=\"d-flex h-flex-basis h-column__inner h-px-lg-3 h-px-md-3 h-px-2 v-inner-lg-3 v-inner-md-3 v-inner-2 style-201 style-local-19-c12 position-relative\">\n            <!---->\n            <!---->\n            <div class=\"w-100 h-y-container h-column__content h-column__v-align flex-basis-100 align-self-lg-center align-self-md-center align-self-center\">\n              <!---->\n              <div data-colibri-id=\"19-c13\" class=\"h-icon style-198 style-local-19-c13 position-relative h-element\">\n                <!----><span class=\"h-svg-icon h-icon__icon style-198-icon style-local-19-c13-icon\"><!--Icon by Icons8 Line Awesome (https:\/\/icons8.com\/line-awesome)--><svg version=\"1.1\" xmlns=\"http:\/\/www.w3.org\/2000\/svg\" xmlns:xlink=\"http:\/\/www.w3.org\/1999\/xlink\" id=\"area-chart\" viewBox=\"0 0 512 545.5\"><path d=\"M448 97v383H64V204.5l19 4 73 14.5 91-60.5 5.5-3.5 6 1 89.5 15 74-58zm-32 65.5l-54 42-5.5 4.5-7-1-90-15-90.5 60.5-5.5 3.5-6.5-1.5-61-12V309l62 25 89-59.5 6.5-4 7.5 2.5 87.5 29 67.5-53.5v-86zm0 127l-54 43-7 5.5-8-3-88-29.5-90 60-7 4.5-8-3-58-23v104h320V289.5z\"><\/path><\/svg><\/span><\/div>\n              <div\n                data-colibri-id=\"19-c14\" class=\"h-global-transition-all h-heading style-199 style-local-19-c14 position-relative h-element\">\n                <!---->\n                <div class=\"h-heading__outer style-199 style-local-19-c14\">\n                  <!---->\n                  <!---->\n                  <h5 class=\"\">Servicios de impresi\u00f3n<\/h5>\n                <\/div>\n            <\/div>\n            <div data-colibri-id=\"19-c15\" class=\"h-text h-text-component style-200 style-local-19-c15 position-relative h-element\">\n              <!---->\n              <!---->\n              <div class=\"\">\n                <p><span style=\"font-weight: 400; font-size: 16px; font-family: S\u00f6hne, ui-sans-serif, system-ui, -apple-system, &quot;Segoe UI&quot;, Roboto, Ubuntu, Cantarell, &quot;Noto Sans&quot;, sans-serif, &quot;Helvetica Neue&quot;, Arial, &quot;Apple Color Emoji&quot;, &quot;Segoe UI Emoji&quot;, &quot;Segoe UI Symbol&quot;, &quot;Noto Color Emoji&quot;; color: rgb(209, 213, 219);\">Ofrecemos una amplia variedad de servicios de impresi\u00f3n de alta calidad para ayudar a nuestros clientes a crear materiales promocionales impresionantes. Desde folletos y tr\u00edpticos hasta tarjetas de presentaci\u00f3n y cat\u00e1logos, podemos imprimir todo lo que necesites para tu negocio o evento.<\/span><\/p>\n              <\/div>\n            <\/div>\n          <\/div>\n        <\/div>\n      <\/div>\n    <\/div>\n  <\/div>\n<\/div>\n<\/div>\n<\/div>","protected":false},"excerpt":{"rendered":"<p>Venta de equipo tecnol\u00f3gico Ofrecemos una amplia variedad de equipos de c\u00f3mputo y electr\u00f3nicos de alta calidad para satisfacer las necesidades de nuestros clientes. Desde computadoras port\u00e1tiles y tabletas hasta c\u00e1maras y dispositivos de audio, tenemos todo lo que necesitas para estar conectado y entretenido. Suministros de papeler\u00eda y art\u00edculos de oficina Ofrecemos una amplia [&hellip;]<\/p>\n","protected":false},"author":1,"featured_media":0,"parent":0,"menu_order":0,"comment_status":"closed","ping_status":"closed","template":"page-templates\/homepage.php","meta":[],"_links":{"self":[{"href":"https:\/\/sigyn.mx\/index.php?rest_route=\/wp\/v2\/pages\/19"}],"collection":[{"href":"https:\/\/sigyn.mx\/index.php?rest_route=\/wp\/v2\/pages"}],"about":[{"href":"https:\/\/sigyn.mx\/index.php?rest_route=\/wp\/v2\/types\/page"}],"author":[{"embeddable":true,"href":"https:\/\/sigyn.mx\/index.php?rest_route=\/wp\/v2\/users\/1"}],"replies":[{"embeddable":true,"href":"https:\/\/sigyn.mx\/index.php?rest_route=%2Fwp%2Fv2%2Fcomments&post=19"}],"version-history":[{"count":5,"href":"https:\/\/sigyn.mx\/index.php?rest_route=\/wp\/v2\/pages\/19\/revisions"}],"predecessor-version":[{"id":132,"href":"https:\/\/sigyn.mx\/index.php?rest_route=\/wp\/v2\/pages\/19\/revisions\/132"}],"wp:attachment":[{"href":"https:\/\/sigyn.mx\/index.php?rest_route=%2Fwp%2Fv2%2Fmedia&parent=19"}],"curies":[{"name":"wp","href":"https:\/\/api.w.org\/{rel}","templated":true}]}}